{"id":1532,"date":"2025-09-09T11:16:27","date_gmt":"2025-09-09T09:16:27","guid":{"rendered":"https:\/\/go-trend-marketing.de\/?page_id=1532"},"modified":"2026-04-01T22:44:30","modified_gmt":"2026-04-01T20:44:30","slug":"impressum","status":"publish","type":"page","link":"https:\/\/go-trend-marketing.de\/de\/impressum\/","title":{"rendered":"Impressum"},"content":{"rendered":"<div data-elementor-type=\"wp-page\" data-elementor-id=\"1532\" class=\"elementor elementor-1532\">\n\t\t\t\t<div class=\"elementor-element elementor-element-axk6hs0t twbb_section e-flex e-con-boxed e-con e-parent\" data-id=\"axk6hs0t\" data-element_type=\"container\" id=\"company-details\" data-settings=\"{&quot;background_background&quot;:&quot;classic&quot;}\">\n\t\t\t\t\t<div class=\"e-con-inner\">\n\t\t<div class=\"elementor-element elementor-element-fi6pmn9s e-con-full e-flex e-con e-child\" data-id=\"fi6pmn9s\" data-element_type=\"container\">\n\t\t\t\t<div class=\"elementor-element elementor-element-475lw7wc elementor-widget__width-initial elementor-widget-mobile__width-inherit elementor-widget-tablet__width-initial elementor-invisible elementor-widget elementor-widget-heading\" data-id=\"475lw7wc\" data-element_type=\"widget\" data-settings=\"{&quot;_animation&quot;:&quot;fadeInUp&quot;}\" data-widget_type=\"heading.default\">\n\t\t\t\t\t<h2 class=\"elementor-heading-title elementor-size-default\">Impressum <\/h2>\t\t\t\t<\/div>\n\t\t\t\t<div class=\"elementor-element elementor-element-spemy2z4 elementor-widget__width-initial elementor-widget-mobile__width-inherit elementor-widget-tablet__width-initial elementor-invisible elementor-widget elementor-widget-text-editor\" data-id=\"spemy2z4\" data-element_type=\"widget\" data-settings=\"{&quot;_animation&quot;:&quot;fadeInUp&quot;}\" data-widget_type=\"text-editor.default\">\n\t\t\t\t\t\t\t\t\t<blockquote data-start=\"52\" data-end=\"359\"><p data-start=\"54\" data-end=\"359\">Bei <strong data-start=\"58\" data-end=\"70\">Go.Trend<\/strong> legen wir gro\u00dfen Wert auf <strong data-start=\"97\" data-end=\"112\">Transparenz<\/strong> und stellen unseren Kunden und Partnern <strong data-start=\"153\" data-end=\"188\">umfassende Kontaktinformationen<\/strong> zur Verf\u00fcgung.<br data-start=\"203\" data-end=\"206\" \/>Unsere registrierte Adresse, Telefonnummer, E-Mail-Adresse und Website sind unten zu Ihrer <strong data-start=\"299\" data-end=\"345\">Bequemlichkeit und als rechtliche Referenz<\/strong> aufgef\u00fchrt.<\/p><\/blockquote><p data-start=\"361\" data-end=\"439\" data-is-last-node=\"\" data-is-only-node=\"\">\u00a0<\/p>\t\t\t\t\t\t\t\t<\/div>\n\t\t\t\t<\/div>\n\t\t\t\t<div class=\"elementor-element elementor-element-8tatlov4 elementor-widget__width-initial elementor-widget-mobile__width-inherit elementor-widget-tablet__width-initial elementor-widget elementor-widget-image\" data-id=\"8tatlov4\" data-element_type=\"widget\" data-widget_type=\"image.default\">\n\t\t\t\t\t\t\t\t\t\t\t\t\t\t\t<img fetchpriority=\"high\" decoding=\"async\" width=\"1024\" height=\"1024\" src=\"https:\/\/go-trend-marketing.de\/wp-content\/uploads\/2025\/09\/tenweb_media_sfg87atwc.webp\" class=\"attachment-full size-full wp-image-1531\" alt=\"\" srcset=\"https:\/\/go-trend-marketing.de\/wp-content\/uploads\/2025\/09\/tenweb_media_sfg87atwc.webp 1024w, https:\/\/go-trend-marketing.de\/wp-content\/uploads\/2025\/09\/tenweb_media_sfg87atwc-300x300.webp 300w, https:\/\/go-trend-marketing.de\/wp-content\/uploads\/2025\/09\/tenweb_media_sfg87atwc-150x150.webp 150w, https:\/\/go-trend-marketing.de\/wp-content\/uploads\/2025\/09\/tenweb_media_sfg87atwc-768x768.webp 768w, https:\/\/go-trend-marketing.de\/wp-content\/uploads\/2025\/09\/tenweb_media_sfg87atwc-12x12.webp 12w, https:\/\/go-trend-marketing.de\/wp-content\/uploads\/2025\/09\/tenweb_media_sfg87atwc-600x600.webp 600w\" sizes=\"(max-width: 1024px) 100vw, 1024px\" \/>\t\t\t\t\t\t\t\t\t\t\t\t\t\t\t<\/div>\n\t\t\t\t\t<\/div>\n\t\t\t\t<\/div>\n\t\t<div class=\"elementor-element elementor-element-d7rflvlx twbb_section e-flex e-con-boxed e-con e-parent\" data-id=\"d7rflvlx\" data-element_type=\"container\" id=\"legal-disclaimer\">\n\t\t\t\t\t<div class=\"e-con-inner\">\n\t\t\t\t<div class=\"elementor-element elementor-element-wccweuop elementor-widget__width-initial elementor-widget-mobile__width-inherit elementor-widget-tablet__width-initial elementor-invisible elementor-widget elementor-widget-text-editor\" data-id=\"wccweuop\" data-element_type=\"widget\" data-settings=\"{&quot;_animation&quot;:&quot;fadeInUp&quot;}\" data-widget_type=\"text-editor.default\">\n\t\t\t\t\t\t\t\t\t<h1 data-start=\"272\" data-end=\"290\">\ud83d\udcc4 <strong data-start=\"277\" data-end=\"290\">Impressum<\/strong><\/h1>\n<p data-start=\"292\" data-end=\"317\"><strong data-start=\"292\" data-end=\"317\">Angaben gem\u00e4\u00df \u00a7 5 DDG<\/strong><\/p>\n<p data-start=\"319\" data-end=\"421\"><strong data-start=\"319\" data-end=\"348\">Go Trend Marketing Agency<\/strong><br data-start=\"348\" data-end=\"351\">Fedaa Alsamra<br>Im L\u00f6renkamp 24<br data-start=\"383\" data-end=\"386\">45879 Gelsenkirchen<br data-start=\"405\" data-end=\"408\">Deutschland<\/p>\n<p data-start=\"423\" data-end=\"492\">\ud83d\udcde Telefon: +49 15783457397<br data-start=\"450\" data-end=\"453\">\ud83d\udce7 E-Mail: <a rel=\"noopener\" data-start=\"464\" data-end=\"490\">info@go-trend-marketing.de<\/a><\/p>\n<hr data-start=\"494\" data-end=\"497\">\n<h2 data-start=\"499\" data-end=\"523\"><strong data-start=\"502\" data-end=\"521\">Umsatzsteuer-ID<\/strong><\/h2>\n<p data-start=\"524\" data-end=\"700\">Umsatzsteuer-Identifikationsnummer gem\u00e4\u00df \u00a7 27a Umsatzsteuergesetz:&nbsp;<span style=\"color: rgba(51,51,51,var(--O42jJQ,1)); caret-color: rgb(51, 51, 51); --Ys-XuQ: none; font-weight: 400; font-style: normal; font-kerning: none;\">271709327047<\/span><br data-start=\"606\" data-end=\"609\">Kein Ausweis der Umsatzsteuer-ID, da Kleinunternehmer gem\u00e4\u00df \u00a7 19 UStG (falls zutreffend).<\/p>\n<hr data-start=\"702\" data-end=\"705\">\n<h2 data-start=\"707\" data-end=\"731\"><strong data-start=\"710\" data-end=\"729\">Handelsregister<\/strong><\/h2>\n<p data-start=\"732\" data-end=\"770\">Keine Eintragung im Handelsregister.<\/p>\n<hr data-start=\"772\" data-end=\"775\">\n<h2 data-start=\"777\" data-end=\"834\"><strong data-start=\"780\" data-end=\"832\">Inhaltlich verantwortlich gem\u00e4\u00df \u00a7 18 Abs. 2 MStV<\/strong><\/h2>\n<p data-start=\"835\" data-end=\"890\">Fedaa Alsamra<br>Im L\u00f6renkamp 24, 45879 Gelsenkirchen<\/p>\n<hr data-start=\"892\" data-end=\"895\">\n<h2 data-start=\"897\" data-end=\"947\"><strong data-start=\"900\" data-end=\"945\">Berufliche Regelungen \/ Zulassungspflicht<\/strong><\/h2>\n<p data-start=\"948\" data-end=\"997\">Es besteht keine beh\u00f6rdliche Zulassungspflicht.<\/p>\n<hr data-start=\"999\" data-end=\"1002\">\n<h2 data-start=\"1004\" data-end=\"1042\"><strong data-start=\"1007\" data-end=\"1042\">Haftungsausschluss (Disclaimer)<\/strong><\/h2>\n<h3 data-start=\"1044\" data-end=\"1073\"><strong data-start=\"1048\" data-end=\"1071\">Haftung f\u00fcr Inhalte<\/strong><\/h3>\n<p data-start=\"1074\" data-end=\"1936\">Die Inhalte unserer Seiten wurden mit gr\u00f6\u00dfter Sorgfalt erstellt.<br data-start=\"1138\" data-end=\"1141\">F\u00fcr die Richtigkeit, Vollst\u00e4ndigkeit und Aktualit\u00e4t der Inhalte k\u00f6nnen wir jedoch keine Gew\u00e4hr \u00fcbernehmen.<br data-start=\"1247\" data-end=\"1250\">Als Diensteanbieter sind wir gem\u00e4\u00df \u00a7 7 Abs.1 DDG f\u00fcr eigene Inhalte auf diesen Seiten nach den allgemeinen Gesetzen verantwortlich.<br data-start=\"1381\" data-end=\"1384\">Nach \u00a7\u00a7 8 bis 10 DDG sind wir jedoch nicht verpflichtet, \u00fcbermittelte oder gespeicherte fremde Informationen zu \u00fcberwachen oder nach Umst\u00e4nden zu forschen, die auf eine rechtswidrige T\u00e4tigkeit hinweisen.<br data-start=\"1587\" data-end=\"1590\">Verpflichtungen zur Entfernung oder Sperrung der Nutzung von Informationen nach den allgemeinen Gesetzen bleiben hiervon unber\u00fchrt.<br data-start=\"1721\" data-end=\"1724\">Eine diesbez\u00fcgliche Haftung ist jedoch erst ab dem Zeitpunkt der Kenntnis einer konkreten Rechtsverletzung m\u00f6glich. Bei Bekanntwerden entsprechender Rechtsverletzungen werden wir diese Inhalte umgehend entfernen.<\/p>\n<hr data-start=\"1938\" data-end=\"1941\">\n<h3 data-start=\"1943\" data-end=\"1970\"><strong data-start=\"1947\" data-end=\"1968\">Haftung f\u00fcr Links<\/strong><\/h3>\n<p data-start=\"1971\" data-end=\"2670\">Unser Angebot enth\u00e4lt Links zu externen Websites Dritter, auf deren Inhalte wir keinen Einfluss haben.<br data-start=\"2073\" data-end=\"2076\">Deshalb k\u00f6nnen wir f\u00fcr diese fremden Inhalte auch keine Gew\u00e4hr \u00fcbernehmen.<br data-start=\"2150\" data-end=\"2153\">F\u00fcr die Inhalte der verlinkten Seiten ist stets der jeweilige Anbieter oder Betreiber der Seiten verantwortlich.<br data-start=\"2265\" data-end=\"2268\">Die verlinkten Seiten wurden zum Zeitpunkt der Verlinkung auf m\u00f6gliche Rechtsverst\u00f6\u00dfe \u00fcberpr\u00fcft.<br data-start=\"2364\" data-end=\"2367\">Rechtswidrige Inhalte waren zum Zeitpunkt der Verlinkung nicht erkennbar.<br data-start=\"2440\" data-end=\"2443\">Eine permanente inhaltliche Kontrolle der verlinkten Seiten ist jedoch ohne konkrete Anhaltspunkte einer Rechtsverletzung nicht zumutbar.<br data-start=\"2580\" data-end=\"2583\">Bei Bekanntwerden von Rechtsverletzungen werden wir derartige Links umgehend entfernen.<\/p>\n<hr data-start=\"2672\" data-end=\"2675\">\n<h3 data-start=\"2677\" data-end=\"2699\"><strong data-start=\"2681\" data-end=\"2697\">Urheberrecht<\/strong><\/h3>\n<p data-start=\"2700\" data-end=\"3442\">Die durch die Seitenbetreiber erstellten Inhalte und Werke auf diesen Seiten unterliegen dem deutschen Urheberrecht.<br data-start=\"2816\" data-end=\"2819\">Die Vervielf\u00e4ltigung, Bearbeitung, Verbreitung und jede Art der Verwertung au\u00dferhalb der Grenzen des Urheberrechts bed\u00fcrfen der schriftlichen Zustimmung des jeweiligen Autors bzw. Erstellers.<br data-start=\"3010\" data-end=\"3013\">Downloads und Kopien dieser Seite sind nur f\u00fcr den privaten, nicht kommerziellen Gebrauch gestattet.<br data-start=\"3113\" data-end=\"3116\">Soweit die Inhalte auf dieser Seite nicht vom Betreiber erstellt wurden, werden die Urheberrechte Dritter beachtet.<br data-start=\"3231\" data-end=\"3234\">Sollten Sie trotzdem auf eine Urheberrechtsverletzung aufmerksam werden, bitten wir um einen entsprechenden Hinweis.<br data-start=\"3350\" data-end=\"3353\">Bei Bekanntwerden von Rechtsverletzungen werden wir derartige Inhalte umgehend entfernen.<\/p>\n<hr data-start=\"3444\" data-end=\"3447\">\n<h3 data-start=\"3449\" data-end=\"3483\"><strong data-start=\"3453\" data-end=\"3481\">Technische Verf\u00fcgbarkeit<\/strong><\/h3>\n<p data-start=\"3484\" data-end=\"3773\">Wir bem\u00fchen uns, unsere Website stets zug\u00e4nglich zu halten, \u00fcbernehmen jedoch keine Gew\u00e4hr f\u00fcr unterbrechungsfreien Betrieb oder technische Fehler.<br data-start=\"3631\" data-end=\"3634\">Go Trend Marketing Agency haftet nicht f\u00fcr vor\u00fcbergehende Ausf\u00e4lle oder technische Probleme, die au\u00dferhalb unseres Einflussbereichs liegen.<\/p>\n<hr data-start=\"3775\" data-end=\"3778\">\n<h2 data-start=\"3780\" data-end=\"3848\"><strong data-start=\"3783\" data-end=\"3846\">Hinweis zur Online-Streitbeilegung \/ Verbraucherschlichtung<\/strong><\/h2>\n<p data-start=\"3849\" data-end=\"4037\">Die <strong data-start=\"3853\" data-end=\"3902\">Online-Streitbeilegungsplattform der EU (ODR)<\/strong> wurde am <strong data-start=\"3912\" data-end=\"3926\">20.07.2025<\/strong> eingestellt.<br data-start=\"3939\" data-end=\"3942\">Wir nehmen <strong data-start=\"3953\" data-end=\"3962\">nicht<\/strong> an Streitbeilegungsverfahren vor einer Verbraucherschlichtungsstelle teil.<\/p>\n<hr data-start=\"4039\" data-end=\"4042\">\n<p data-start=\"4044\" data-end=\"4108\"><strong data-start=\"4044\" data-end=\"4106\">\u00a9 2025 Go Trend Marketing Agency \u2013 Alle Rechte vorbehalten<\/strong><\/p>\t\t\t\t\t\t\t\t<\/div>\n\t\t\t\t\t<\/div>\n\t\t\t\t<\/div>\n\t\t\t\t<\/div>","protected":false},"excerpt":{"rendered":"<p>Impressum Bei Go.Trend legen wir gro\u00dfen Wert auf Transparenz und stellen unseren Kunden und Partnern umfassende Kontaktinformationen zur Verf\u00fcgung.Unsere registrierte Adresse, Telefonnummer, E-Mail-Adresse und Website sind unten zu Ihrer Bequemlichkeit und als rechtliche Referenz aufgef\u00fchrt. \u00a0 \ud83d\udcc4 Impressum Angaben gem\u00e4\u00df \u00a7 5 DDG Go Trend Marketing AgencyFedaa AlsamraIm L\u00f6renkamp 2445879 GelsenkirchenDeutschland \ud83d\udcde Telefon: +49 15783457397\ud83d\udce7 [&hellip;]<\/p>","protected":false},"author":0,"featured_media":0,"parent":0,"menu_order":0,"comment_status":"closed","ping_status":"draft","template":"","meta":{"two_page_speed":[],"footnotes":""},"class_list":["post-1532","page","type-page","status-publish","hentry"],"_links":{"self":[{"href":"https:\/\/go-trend-marketing.de\/de\/wp-json\/wp\/v2\/pages\/1532","targetHints":{"allow":["GET"]}}],"collection":[{"href":"https:\/\/go-trend-marketing.de\/de\/wp-json\/wp\/v2\/pages"}],"about":[{"href":"https:\/\/go-trend-marketing.de\/de\/wp-json\/wp\/v2\/types\/page"}],"replies":[{"embeddable":true,"href":"https:\/\/go-trend-marketing.de\/de\/wp-json\/wp\/v2\/comments?post=1532"}],"version-history":[{"count":0,"href":"https:\/\/go-trend-marketing.de\/de\/wp-json\/wp\/v2\/pages\/1532\/revisions"}],"wp:attachment":[{"href":"https:\/\/go-trend-marketing.de\/de\/wp-json\/wp\/v2\/media?parent=1532"}],"curies":[{"name":"wp","href":"https:\/\/api.w.org\/{rel}","templated":true}]}}