{"id":1433,"date":"2025-09-08T23:37:32","date_gmt":"2025-09-08T21:37:32","guid":{"rendered":"https:\/\/go-trend-marketing.de\/?page_id=1433"},"modified":"2025-10-19T12:04:19","modified_gmt":"2025-10-19T10:04:19","slug":"kontakt","status":"publish","type":"page","link":"https:\/\/go-trend-marketing.de\/de\/kontakt\/","title":{"rendered":"Kontakt Uns"},"content":{"rendered":"<div data-elementor-type=\"wp-page\" data-elementor-id=\"1433\" class=\"elementor elementor-1433\">\n\t\t\t\t<div class=\"elementor-element elementor-element-m6oxufo9 twbb_section e-flex e-con-boxed e-con e-parent\" data-id=\"m6oxufo9\" data-element_type=\"container\" id=\"about-contact\" data-settings=\"{&quot;background_background&quot;:&quot;classic&quot;}\">\n\t\t\t\t\t<div class=\"e-con-inner\">\n\t\t\t\t<div class=\"elementor-element elementor-element-cri17x8c elementor-widget__width-initial elementor-widget-mobile__width-inherit elementor-widget-tablet__width-initial elementor-invisible elementor-widget elementor-widget-heading\" data-id=\"cri17x8c\" data-element_type=\"widget\" data-settings=\"{&quot;_animation&quot;:&quot;fadeInUp&quot;}\" data-widget_type=\"heading.default\">\n\t\t\t\t\t<h2 class=\"elementor-heading-title elementor-size-default\">Go.Trend \u2013 Wir lassen dein Business f\u00fcr dich sprechen<\/h2>\t\t\t\t<\/div>\n\t\t\t\t<div class=\"elementor-element elementor-element-n5gd56fs elementor-widget__width-initial elementor-widget-mobile__width-inherit elementor-widget-tablet__width-initial elementor-invisible elementor-widget elementor-widget-text-editor\" data-id=\"n5gd56fs\" data-element_type=\"widget\" data-settings=\"{&quot;_animation&quot;:&quot;fadeInUp&quot;}\" data-widget_type=\"text-editor.default\">\n\t\t\t\t\t\t\t\t\t<p style=\"text-align: center;\">Sind Sie bereit, Ihre Marke auf das n\u00e4chste Level zu bringen?<\/p><p style=\"text-align: center;\">Kontaktieren Sie Go.Trend, um ma\u00dfgeschneiderte digitale Marketingl\u00f6sungen zu erhalten und Verluste zu vermeiden<\/p>\t\t\t\t\t\t\t\t<\/div>\n\t\t\t\t\t<\/div>\n\t\t\t\t<\/div>\n\t\t<div class=\"elementor-element elementor-element-gvu8wzh6 twbb_section e-flex e-con-boxed e-con e-parent\" data-id=\"gvu8wzh6\" data-element_type=\"container\" id=\"contact-us\" data-settings=\"{&quot;background_background&quot;:&quot;classic&quot;}\">\n\t\t\t\t\t<div class=\"e-con-inner\">\n\t\t\t\t<div class=\"elementor-element elementor-element-erci9xwt elementor-widget__width-initial elementor-widget-mobile__width-inherit elementor-widget-tablet__width-initial elementor-widget elementor-widget-icon-box\" data-id=\"erci9xwt\" data-element_type=\"widget\" data-widget_type=\"icon-box.default\">\n\t\t\t\t\t\t\t<div class=\"elementor-icon-box-wrapper\">\n\n\t\t\t\n\t\t\t\t\t\t<div class=\"elementor-icon-box-content\">\n\n\t\t\t\t\t\t\t\t\t<h4 class=\"elementor-icon-box-title\">\n\t\t\t\t\t\t<span  >\n\t\t\t\t\t\t\tKontaktieren Sie uns\t\t\t\t\t\t<\/span>\n\t\t\t\t\t<\/h4>\n\t\t\t\t\n\t\t\t\t\t\t\t\t\t<p class=\"elementor-icon-box-description\">\n\t\t\t\t\t\tKontaktieren Sie uns, um spezialisierte digitale Marketingl\u00f6sungen, Webentwicklung, Markenaufbau und mehr zu erhalten. Wir setzen uns daf\u00fcr ein, Ihr Unternehmen mit ma\u00dfgeschneiderten Strategien wachsen zu lassen. Rufen Sie uns noch heute an und starten Sie Ihre Reise zum digitalen Erfolg\t\t\t\t\t<\/p>\n\t\t\t\t\n\t\t\t<\/div>\n\t\t\t\n\t\t<\/div>\n\t\t\t\t\t\t<\/div>\n\t\t<div class=\"elementor-element elementor-element-434eed7 e-con-full e-flex e-con e-child\" data-id=\"434eed7\" data-element_type=\"container\">\n\t\t\t\t<div class=\"elementor-element elementor-element-7519af2 elementor-align-justify elementor-mobile-align-justify elementor-widget__width-initial elementor-widget elementor-widget-button\" data-id=\"7519af2\" data-element_type=\"widget\" data-widget_type=\"button.default\">\n\t\t\t\t\t\t\t\t\t\t<a class=\"elementor-button elementor-button-link elementor-size-sm\" href=\"tel:+4915783457397\">\n\t\t\t\t\t\t<span class=\"elementor-button-content-wrapper\">\n\t\t\t\t\t\t\t\t\t<span class=\"elementor-button-text\">Jetzt kontaktieren<\/span>\n\t\t\t\t\t<\/span>\n\t\t\t\t\t<\/a>\n\t\t\t\t\t\t\t\t<\/div>\n\t\t\t\t<\/div>\n\t\t\t\t\t<\/div>\n\t\t\t\t<\/div>\n\t\t<div class=\"elementor-element elementor-element-u8mygq1x twbb_section e-flex e-con-boxed e-con e-parent\" data-id=\"u8mygq1x\" data-element_type=\"container\" id=\"call-to-action\" data-settings=\"{&quot;background_background&quot;:&quot;classic&quot;}\">\n\t\t\t\t\t<div class=\"e-con-inner\">\n\t\t<div class=\"elementor-element elementor-element-p9cxmwdy e-con-full e-flex e-con e-child\" data-id=\"p9cxmwdy\" data-element_type=\"container\" data-settings=\"{&quot;background_background&quot;:&quot;classic&quot;}\">\n\t\t<div class=\"elementor-element elementor-element-ndls7go0 e-flex e-con-boxed e-con e-child\" data-id=\"ndls7go0\" data-element_type=\"container\">\n\t\t\t\t\t<div class=\"e-con-inner\">\n\t\t\t\t<div class=\"elementor-element elementor-element-zqtbh5tw elementor-widget__width-initial elementor-widget-mobile__width-inherit elementor-widget-tablet__width-initial elementor-invisible elementor-widget elementor-widget-heading\" data-id=\"zqtbh5tw\" data-element_type=\"widget\" data-settings=\"{&quot;_animation&quot;:&quot;fadeInUp&quot;}\" data-widget_type=\"heading.default\">\n\t\t\t\t\t<h2 class=\"elementor-heading-title elementor-size-default\">Bereit, Ihr Business wachsen zu lassen?<\/h2>\t\t\t\t<\/div>\n\t\t\t\t<div class=\"elementor-element elementor-element-49b1jf4v elementor-widget__width-initial elementor-widget-mobile__width-inherit elementor-widget-tablet__width-initial elementor-invisible elementor-widget elementor-widget-text-editor\" data-id=\"49b1jf4v\" data-element_type=\"widget\" data-settings=\"{&quot;_animation&quot;:&quot;fadeInUp&quot;}\" data-widget_type=\"text-editor.default\">\n\t\t\t\t\t\t\t\t\t<p style=\"text-align: center;\">Teilen Sie mit uns die unerwarteten Probleme oder Hindernisse, die Sie bei der Gr\u00fcndung Ihres Unternehmens haben. Wir bieten Ihnen eine kostenlose Beratung, damit Sie sich von der Konkurrenz abheben und den Marktwert Ihres Projekts mit einem durchdachten Plan steigern. Schreiben Sie uns direkt \u00fcber WhatsApp.\u00a0<\/p>\t\t\t\t\t\t\t\t<\/div>\n\t\t<div class=\"elementor-element elementor-element-s8e1yr3d e-con-full e-flex e-con e-child\" data-id=\"s8e1yr3d\" data-element_type=\"container\">\n\t\t\t\t<div class=\"elementor-element elementor-element-trs7ehz9 elementor-align-justify elementor-mobile-align-justify elementor-widget__width-initial elementor-widget elementor-widget-button\" data-id=\"trs7ehz9\" data-element_type=\"widget\" data-widget_type=\"button.default\">\n\t\t\t\t\t\t\t\t\t\t<a class=\"elementor-button elementor-button-link elementor-size-sm\" href=\"https:\/\/wa.me\/message\/O6BUWSYGPHQYP1\">\n\t\t\t\t\t\t<span class=\"elementor-button-content-wrapper\">\n\t\t\t\t\t\t\t\t\t<span class=\"elementor-button-text\">WhatsApp-Nachricht<\/span>\n\t\t\t\t\t<\/span>\n\t\t\t\t\t<\/a>\n\t\t\t\t\t\t\t\t<\/div>\n\t\t\t\t<\/div>\n\t\t\t\t\t<\/div>\n\t\t\t\t<\/div>\n\t\t\t\t<\/div>\n\t\t\t\t\t<\/div>\n\t\t\t\t<\/div>\n\t\t<div class=\"elementor-element elementor-element-9qjp5jza twbb_section e-flex e-con-boxed e-con e-parent\" data-id=\"9qjp5jza\" data-element_type=\"container\" id=\"our-services\" data-settings=\"{&quot;background_background&quot;:&quot;classic&quot;}\">\n\t\t\t\t\t<div class=\"e-con-inner\">\n\t\t\t\t<div class=\"elementor-element elementor-element-993852d elementor-mobile-button-align-stretch elementor-button-align-stretch elementor-widget elementor-widget-twbb_form\" data-id=\"993852d\" data-element_type=\"widget\" data-settings=\"{&quot;step_next_label&quot;:&quot;Next&quot;,&quot;step_previous_label&quot;:&quot;Previous&quot;,&quot;button_width&quot;:&quot;100&quot;,&quot;step_type&quot;:&quot;number_text&quot;,&quot;step_icon_shape&quot;:&quot;circle&quot;}\" data-widget_type=\"twbb_form.default\">\n\t\t\t\t<div class=\"elementor-widget-container\">\n\t\t\t\t\t\t\t<form class=\"elementor-form\" method=\"post\" name=\"\u0631\u0627\u0633\u0644\u0646\u0627 \u0639\u0628\u0631 \u0627\u0644\u0628\u0631\u064a\u062f \u0627\u0644\u0625\u0644\u0643\u062a\u0631\u0648\u0646\u064a\" action=\"\">\n\t\t\t<input type=\"hidden\" name=\"post_id\" value=\"1433\"\/>\n\t\t\t<input type=\"hidden\" name=\"form_id\" value=\"993852d\"\/>\n\t\t\t<input type=\"hidden\" name=\"referer_title\" value=\"\" \/>\n\n\t\t\t\n\t\t\t<div class=\"elementor-form-fields-wrapper elementor-labels-above\">\n\t\t\t\t          <div class=\"elementor-form-title-description-wrapper elementor-field-group elementor-column elementor-col-100 elementor-widget-wrap elementor-widget-heading\">\n            <h2 class=\"elementor-form-title elementor-element elementor-heading-title elementor-size-small\">Schreiben Sie uns per E-Mail<\/h2>    <div class=\"elementor-text-editor elementor-clearfix elementor-element\">Senden Sie uns eine E-Mail, und wir antworten so schnell wie m\u00f6glich. <\/div>\n              <\/div>\n          \t\t\t\t<div class=\"elementor-field-type-text elementor-field-group elementor-column elementor-field-group-name elementor-col-100 elementor-field-required elementor-mark-required\">\n\t\t\t\t\t\t\t\t\t\t\t\t<label for=\"form-field-name\" class=\"elementor-field-label\">\n\t\t\t\t\t\t\t\tName\t\t\t\t\t\t\t<\/label>\n\t\t\t\t\t\t\t\t\t\t\t\t\t\t<input size=\"1\" type=\"text\" name=\"form_fields[name]\" id=\"form-field-name\" class=\"elementor-field elementor-size-sm  elementor-field-textual\" placeholder=\"Name\" required=\"required\" aria-required=\"true\">\n\t\t\t\t\t\t\t\t\t\t\t<\/div>\n\t\t\t\t\t\t\t\t<div class=\"elementor-field-type-text elementor-field-group elementor-column elementor-field-group-field_62b7dc5 elementor-col-100\">\n\t\t\t\t\t\t\t\t\t\t\t\t<label for=\"form-field-field_62b7dc5\" class=\"elementor-field-label\">\n\t\t\t\t\t\t\t\tCompany \t\t\t\t\t\t\t<\/label>\n\t\t\t\t\t\t\t\t\t\t\t\t\t\t<input size=\"1\" type=\"text\" name=\"form_fields[field_62b7dc5]\" id=\"form-field-field_62b7dc5\" class=\"elementor-field elementor-size-sm  elementor-field-textual\" placeholder=\"Company Name\">\n\t\t\t\t\t\t\t\t\t\t\t<\/div>\n\t\t\t\t\t\t\t\t<div class=\"elementor-field-type-email elementor-field-group elementor-column elementor-field-group-email elementor-col-100 elementor-field-required elementor-mark-required\">\n\t\t\t\t\t\t\t\t\t\t\t\t<label for=\"form-field-email\" class=\"elementor-field-label\">\n\t\t\t\t\t\t\t\tEmail\t\t\t\t\t\t\t<\/label>\n\t\t\t\t\t\t\t\t\t\t\t\t\t\t<input size=\"1\" type=\"email\" name=\"form_fields[email]\" id=\"form-field-email\" class=\"elementor-field elementor-size-sm  elementor-field-textual\" placeholder=\"Email\" required=\"required\" aria-required=\"true\">\n\t\t\t\t\t\t\t\t\t\t\t<\/div>\n\t\t\t\t\t\t\t\t<div class=\"elementor-field-type-textarea elementor-field-group elementor-column elementor-field-group-message elementor-col-100 elementor-field-required elementor-mark-required\">\n\t\t\t\t\t\t\t\t\t\t\t\t<label for=\"form-field-message\" class=\"elementor-field-label\">\n\t\t\t\t\t\t\t\tMessage\t\t\t\t\t\t\t<\/label>\n\t\t\t\t\t\t<textarea class=\"elementor-field-textual elementor-field  elementor-size-sm\" name=\"form_fields[message]\" id=\"form-field-message\" rows=\"4\" placeholder=\"Message\" required=\"required\" aria-required=\"true\"><\/textarea>\t\t\t\t<\/div>\n\t\t\t\t\t\t\t\t<div class=\"elementor-field-group elementor-column elementor-field-type-submit elementor-col-100 e-form__buttons\">\n\t\t\t\t\t<button type=\"submit\" class=\"elementor-button\">\n\t\t\t\t\t\t<span >\n\t\t\t\t\t\t\t\t\t\t\t\t\t\t\t<span class=\"elementor-button-icon\">\n\t\t\t\t\t\t\t\t\t\t\t\t\t\t\t\t\t\t\t\t\t\t\t\t\t\t<\/span>\n\t\t\t\t\t\t\t\t\t\t\t\t\t\t\t\t\t\t\t\t\t\t<span class=\"elementor-button-text\">Send<\/span>\n\t\t\t\t\t\t\t\t\t\t\t\t\t<\/span>\n\t\t\t\t\t<\/button>\n          <button type=\"reset\" class=\"elementor-button elementor-hidden\">\n\t\t\t\t\t\t<span >\n\t\t\t\t\t\t\t              \t\t\t\t\t\t<\/span>\n          <\/button>\n\t\t\t\t<\/div>\n                            <div class=\"elementor-form-text-after-description-wrapper elementor-field-group elementor-column elementor-col-100 elementor-widget-wrap\">\n                          <div class=\"elementor-text-editor elementor-clearfix elementor-element\">Mit dem Absenden dieses Formulars stimmen Sie der Verwendung Ihrer Daten ausschlie\u00dflich zur Beantwortung Ihrer Anfrage zu. F\u00fcr weitere Informationen lesen Sie bitte unsere [Datenschutzerkl\u00e4rung].<\/div>\n                      <\/div>\n            \t\t\t<\/div>\n\t\t<input type=\"hidden\" name=\"trp-form-language\" value=\"de\"\/><\/form>\n\t\t\t\t\t\t<\/div>\n\t\t\t\t<\/div>\n\t\t\t\t\t<\/div>\n\t\t\t\t<\/div>\n\t\t\t\t<\/div>","protected":false},"excerpt":{"rendered":"<p>Go.trend, \u0645\u0646\u062e\u0644\u064a \u0634\u063a\u0644\u0643 \u064a\u062d\u0643\u064a \u0639\u0646\u0643 \u0647\u0644 \u0623\u0646\u062a \u0645\u0633\u062a\u0639\u062f \u0644\u0644\u0627\u0631\u062a\u0642\u0627\u0621 \u0628\u0639\u0644\u0627\u0645\u062a\u0643 \u0627\u0644\u062a\u062c\u0627\u0631\u064a\u0629\u061f \u0627\u062a\u0635\u0644 \u0628\u0640 Go.trend, \u0644\u0644\u062d\u0635\u0648\u0644 \u0639\u0644\u0649 \u062d\u0644\u0648\u0644 \u062a\u0633\u0648\u064a\u0642 \u0631\u0642\u0645\u064a \u0645\u062e\u0635\u0635\u0629 \u0644\u062a\u0641\u0627\u062f\u064a \u0627\u0644\u062e\u0633\u0627\u0631\u0629 \u062a\u0648\u0627\u0635\u0644 \u0645\u0639\u0646\u0627 \u062a\u0648\u0627\u0635\u0644 \u0645\u0639\u0646\u0627 \u0644\u0644\u062d\u0635\u0648\u0644 \u0639\u0644\u0649 \u062d\u0644\u0648\u0644 \u062a\u0633\u0648\u064a\u0642 \u0631\u0642\u0645\u064a \u0645\u062a\u062e\u0635\u0635\u0629\u060c \u0648\u062a\u0637\u0648\u064a\u0631 \u0645\u0648\u0627\u0642\u0639 \u0627\u0644\u0648\u064a\u0628\u060c \u0648\u0627\u0644\u0639\u0644\u0627\u0645\u0627\u062a \u0627\u0644\u062a\u062c\u0627\u0631\u064a\u0629\u060c \u0648\u0627\u0644\u0645\u0632\u064a\u062f. \u0646\u062d\u0646 \u0645\u0644\u062a\u0632\u0645\u0648\u0646 \u0628\u0645\u0633\u0627\u0639\u062f\u0629 \u0639\u0645\u0644\u0643 \u0639\u0644\u0649 \u0627\u0644\u0646\u0645\u0648 \u0628\u0627\u0633\u062a\u0631\u0627\u062a\u064a\u062c\u064a\u0627\u062a \u0645\u062e\u0635\u0635\u0629. \u0627\u062a\u0635\u0644 \u0628\u0646\u0627 \u0627\u0644\u064a\u0648\u0645 \u0644\u0628\u062f\u0621 \u0631\u062d\u0644\u062a\u0643 \u0646\u062d\u0648 \u0627\u0644\u0646\u062c\u0627\u062d \u0627\u0644\u0631\u0642\u0645\u064a. \u0625\u062a\u0635\u0644 [&hellip;]<\/p>","protected":false},"author":0,"featured_media":0,"parent":0,"menu_order":0,"comment_status":"closed","ping_status":"draft","template":"","meta":{"two_page_speed":[],"footnotes":""},"class_list":["post-1433","page","type-page","status-publish","hentry"],"_links":{"self":[{"href":"https:\/\/go-trend-marketing.de\/de\/wp-json\/wp\/v2\/pages\/1433","targetHints":{"allow":["GET"]}}],"collection":[{"href":"https:\/\/go-trend-marketing.de\/de\/wp-json\/wp\/v2\/pages"}],"about":[{"href":"https:\/\/go-trend-marketing.de\/de\/wp-json\/wp\/v2\/types\/page"}],"replies":[{"embeddable":true,"href":"https:\/\/go-trend-marketing.de\/de\/wp-json\/wp\/v2\/comments?post=1433"}],"version-history":[{"count":0,"href":"https:\/\/go-trend-marketing.de\/de\/wp-json\/wp\/v2\/pages\/1433\/revisions"}],"wp:attachment":[{"href":"https:\/\/go-trend-marketing.de\/de\/wp-json\/wp\/v2\/media?parent=1433"}],"curies":[{"name":"wp","href":"https:\/\/api.w.org\/{rel}","templated":true}]}}