{"id":1142,"date":"2025-09-04T21:17:19","date_gmt":"2025-09-04T19:17:19","guid":{"rendered":"https:\/\/go-trend-marketing.de\/?page_id=1142"},"modified":"2026-02-25T22:46:36","modified_gmt":"2026-02-25T21:46:36","slug":"uber-uns","status":"publish","type":"page","link":"https:\/\/go-trend-marketing.de\/de\/uber-uns\/","title":{"rendered":"\u00dcber Uns"},"content":{"rendered":"<div data-elementor-type=\"wp-page\" data-elementor-id=\"1142\" class=\"elementor elementor-1142\">\n\t\t\t\t<div class=\"elementor-element elementor-element-ghnm6yvq twbb_section e-flex e-con-boxed e-con e-parent\" data-id=\"ghnm6yvq\" data-element_type=\"container\" id=\"about-us\" data-settings=\"{&quot;background_background&quot;:&quot;classic&quot;,&quot;shape_divider_bottom&quot;:&quot;mountains&quot;}\">\n\t\t\t\t\t<div class=\"e-con-inner\">\n\t\t\t\t<div class=\"elementor-shape elementor-shape-bottom\" aria-hidden=\"true\" data-negative=\"false\">\n\t\t\t<svg xmlns=\"http:\/\/www.w3.org\/2000\/svg\" viewbox=\"0 0 1000 100\" preserveaspectratio=\"none\">\n\t<path class=\"elementor-shape-fill\" opacity=\"0.33\" d=\"M473,67.3c-203.9,88.3-263.1-34-320.3,0C66,119.1,0,59.7,0,59.7V0h1000v59.7 c0,0-62.1,26.1-94.9,29.3c-32.8,3.3-62.8-12.3-75.8-22.1C806,49.6,745.3,8.7,694.9,4.7S492.4,59,473,67.3z\"\/>\n\t<path class=\"elementor-shape-fill\" opacity=\"0.66\" d=\"M734,67.3c-45.5,0-77.2-23.2-129.1-39.1c-28.6-8.7-150.3-10.1-254,39.1 s-91.7-34.4-149.2,0C115.7,118.3,0,39.8,0,39.8V0h1000v36.5c0,0-28.2-18.5-92.1-18.5C810.2,18.1,775.7,67.3,734,67.3z\"\/>\n\t<path class=\"elementor-shape-fill\" d=\"M766.1,28.9c-200-57.5-266,65.5-395.1,19.5C242,1.8,242,5.4,184.8,20.6C128,35.8,132.3,44.9,89.9,52.5C28.6,63.7,0,0,0,0 h1000c0,0-9.9,40.9-83.6,48.1S829.6,47,766.1,28.9z\"\/>\n<\/svg>\t\t<\/div>\n\t\t\t\t<div class=\"elementor-element elementor-element-bp8zl3lk elementor-widget__width-initial elementor-widget-mobile__width-inherit elementor-widget-tablet__width-initial elementor-widget elementor-widget-image\" data-id=\"bp8zl3lk\" data-element_type=\"widget\" data-widget_type=\"image.default\">\n\t\t\t\t\t\t\t\t\t\t\t\t\t\t\t<img fetchpriority=\"high\" decoding=\"async\" width=\"640\" height=\"364\" src=\"https:\/\/go-trend-marketing.de\/wp-content\/uploads\/2025\/08\/Exclusive-luxury-logo-mockup-1-e1757328183818-1024x582.png\" class=\"attachment-large size-large wp-image-230\" alt=\"\" srcset=\"https:\/\/go-trend-marketing.de\/wp-content\/uploads\/2025\/08\/Exclusive-luxury-logo-mockup-1-e1757328183818-1024x582.png 1024w, https:\/\/go-trend-marketing.de\/wp-content\/uploads\/2025\/08\/Exclusive-luxury-logo-mockup-1-e1757328183818-300x171.png 300w, https:\/\/go-trend-marketing.de\/wp-content\/uploads\/2025\/08\/Exclusive-luxury-logo-mockup-1-e1757328183818-768x437.png 768w, https:\/\/go-trend-marketing.de\/wp-content\/uploads\/2025\/08\/Exclusive-luxury-logo-mockup-1-e1757328183818-1536x873.png 1536w, https:\/\/go-trend-marketing.de\/wp-content\/uploads\/2025\/08\/Exclusive-luxury-logo-mockup-1-e1757328183818-600x341.png 600w, https:\/\/go-trend-marketing.de\/wp-content\/uploads\/2025\/08\/Exclusive-luxury-logo-mockup-1-e1757328183818-18x10.png 18w, https:\/\/go-trend-marketing.de\/wp-content\/uploads\/2025\/08\/Exclusive-luxury-logo-mockup-1-e1757328183818.png 1587w\" sizes=\"(max-width: 640px) 100vw, 640px\" \/>\t\t\t\t\t\t\t\t\t\t\t\t\t\t\t<\/div>\n\t\t<div class=\"elementor-element elementor-element-l3aszm4j e-con-full e-flex e-con e-child\" data-id=\"l3aszm4j\" data-element_type=\"container\">\n\t\t\t\t<div class=\"elementor-element elementor-element-f49s8e8r elementor-widget__width-initial elementor-widget-mobile__width-inherit elementor-widget-tablet__width-initial elementor-invisible elementor-widget elementor-widget-heading\" data-id=\"f49s8e8r\" data-element_type=\"widget\" data-settings=\"{&quot;_animation&quot;:&quot;fadeInUp&quot;}\" data-widget_type=\"heading.default\">\n\t\t\t\t\t<h2 class=\"elementor-heading-title elementor-size-default\">\u00dcber uns \u2013 und warum wir Ihre beste Wahl sind!<\/h2>\t\t\t\t<\/div>\n\t\t\t\t<div class=\"elementor-element elementor-element-3ubcw354 elementor-widget__width-initial elementor-widget-mobile__width-inherit elementor-widget-tablet__width-initial elementor-invisible elementor-widget elementor-widget-text-editor\" data-id=\"3ubcw354\" data-element_type=\"widget\" data-settings=\"{&quot;_animation&quot;:&quot;fadeInUp&quot;}\" data-widget_type=\"text-editor.default\">\n\t\t\t\t\t\t\t\t\t<p style=\"text-align: right;\"><strong data-start=\"92\" data-end=\"199\">Go.Trend ist eine f\u00fchrende Digitalmarketing-Agentur mit Sitz in Deutschland und verf\u00fcgt \u00fcber mehr als 9 Jahre Erfahrung in der digitalen Marketingbranche.<\/strong><\/p><p style=\"text-align: right;\" data-start=\"393\" data-end=\"639\">Unser Team umfasst Experten mit anerkannten Zertifikaten und Qualifikationen von <strong data-start=\"451\" data-end=\"461\">Google<\/strong> \u0648 <strong data-start=\"464\" data-end=\"472\">Meta<\/strong>\u00a0Au\u00dferdem zertifiziert von <strong data-start=\"499\" data-end=\"517\">Bundesverband Digitale Wirtschaft (BVDW)<\/strong> was unsere Glaubw\u00fcrdigkeit st\u00e4rkt und uns in die Reihe der professionellen Agenturen auf europ\u00e4ischer Ebene stellt.<\/p><p style=\"text-align: right;\" data-start=\"641\" data-end=\"786\">Unsere Mission ist es, pr\u00e4zise und transparente L\u00f6sungen bereitzustellen, die Start-ups, mittelst\u00e4ndischen und sogar gro\u00dfen Unternehmen helfen, zu wachsen, greifbare Ergebnisse zu erzielen und ihre digitale Pr\u00e4senz stark und effektiv auszubauen.<\/p>\t\t\t\t\t\t\t\t<\/div>\n\t\t<div class=\"elementor-element elementor-element-3fvfb41t e-con-full e-flex e-con e-child\" data-id=\"3fvfb41t\" data-element_type=\"container\">\n\t\t<div class=\"elementor-element elementor-element-rb936xxk e-con-full e-flex e-con e-child\" data-id=\"rb936xxk\" data-element_type=\"container\">\n\t\t\t\t<div class=\"elementor-element elementor-element-0x3d6ze0 elementor-widget__width-auto elementor-widget-mobile__width-auto elementor-widget-tablet__width-initial elementor-widget elementor-widget-counter\" data-id=\"0x3d6ze0\" data-element_type=\"widget\" data-widget_type=\"counter.default\">\n\t\t\t\t\t\t\t<div class=\"elementor-counter\">\n\t\t\t<div class=\"elementor-counter-title\">Wachstumsrate<\/div>\t\t\t<div class=\"elementor-counter-number-wrapper\">\n\t\t\t\t<span class=\"elementor-counter-number-prefix\"><\/span>\n\t\t\t\t<span class=\"elementor-counter-number\" data-duration=\"2000\" data-to-value=\"98\" data-from-value=\"0\">0<\/span>\n\t\t\t\t<span class=\"elementor-counter-number-suffix\"> %<\/span>\n\t\t\t<\/div>\n\t\t<\/div>\n\t\t\t\t\t\t<\/div>\n\t\t\t\t<\/div>\n\t\t<div class=\"elementor-element elementor-element-hr2w9oym e-con-full e-flex e-con e-child\" data-id=\"hr2w9oym\" data-element_type=\"container\">\n\t\t\t\t<div class=\"elementor-element elementor-element-28k5t77j elementor-widget__width-auto elementor-widget-mobile__width-auto elementor-widget-tablet__width-initial elementor-widget elementor-widget-counter\" data-id=\"28k5t77j\" data-element_type=\"widget\" data-widget_type=\"counter.default\">\n\t\t\t\t\t\t\t<div class=\"elementor-counter\">\n\t\t\t<div class=\"elementor-counter-title\">Jahre Erfahrung<\/div>\t\t\t<div class=\"elementor-counter-number-wrapper\">\n\t\t\t\t<span class=\"elementor-counter-number-prefix\"><\/span>\n\t\t\t\t<span class=\"elementor-counter-number\" data-duration=\"2000\" data-to-value=\"9\" data-from-value=\"0\">0<\/span>\n\t\t\t\t<span class=\"elementor-counter-number-suffix\"> +<\/span>\n\t\t\t<\/div>\n\t\t<\/div>\n\t\t\t\t\t\t<\/div>\n\t\t\t\t<\/div>\n\t\t\t\t<\/div>\n\t\t\t\t<\/div>\n\t\t\t\t\t<\/div>\n\t\t\t\t<\/div>\n\t\t<div class=\"elementor-element elementor-element-0c04d23 e-con-full e-flex e-con e-parent\" data-id=\"0c04d23\" data-element_type=\"container\">\n\t\t<div class=\"elementor-element elementor-element-41304e3 e-flex e-con-boxed e-con e-child\" data-id=\"41304e3\" data-element_type=\"container\">\n\t\t\t\t\t<div class=\"e-con-inner\">\n\t\t<div class=\"elementor-element elementor-element-892mg2hb e-con-full e-flex e-con e-child\" data-id=\"892mg2hb\" data-element_type=\"container\">\n\t\t\t\t<div class=\"elementor-element elementor-element-uzmnyhpg elementor-widget__width-initial elementor-widget-mobile__width-inherit elementor-widget-tablet__width-initial elementor-invisible elementor-widget elementor-widget-heading\" data-id=\"uzmnyhpg\" data-element_type=\"widget\" data-settings=\"{&quot;_animation&quot;:&quot;fadeInUp&quot;}\" data-widget_type=\"heading.default\">\n\t\t\t\t\t<h5 class=\"elementor-heading-title elementor-size-default\">Unsere Experten <\/h5>\t\t\t\t<\/div>\n\t\t\t\t<div class=\"elementor-element elementor-element-j25u6run elementor-widget__width-initial elementor-widget-mobile__width-inherit elementor-widget-tablet__width-initial twbb_cta-button-wrapper-left twbb_cta-button-wrapper-center twbb_cta-button-wrapper-center twbb_cta-position-button-bottom twbb_cta-tablet-position-button-bottom twbb_cta-mobile-position-button-bottom elementor-invisible elementor-widget elementor-widget-twbb_call-to-action\" data-id=\"j25u6run\" data-element_type=\"widget\" data-settings=\"{&quot;_animation&quot;:&quot;fadeInUp&quot;}\" data-widget_type=\"twbb_call-to-action.default\">\n\t\t\t\t<div class=\"elementor-widget-container\">\n\t\t\t\t\t    <div  class=\"twbb_cta-wrapper\">\n      <div class=\"twbb_cta-content-wrapper\">\n    <div class=\"twbb_cta-content-inner\">\n                <h2 class=\"twbb_cta-title\"> Wir sind ein spezialisiertes Team<\/h2>\n                    <div class=\"twbb_cta-description\">Unser Team vereint Kreativit\u00e4t mit Strategie, um Ihnen ganzheitliche L\u00f6sungen zu bieten \u2013 von Werbung, Social-Media-Management und Corporate Design \u00fcber Google und YouTube bis hin zu Websites. Unser Ziel ist klar: Wir lassen Ihr Unternehmen mit durchdachten Schritten wachsen und sorgen daf\u00fcr, dass Ihre Arbeit f\u00fcr Sie spricht.<\/div>\n              <\/div>\n    <div class=\"twbb_cta-button-wrapper\">\n        <div class=\"twbb_cta-buttons\">\n                    <div class=\"twbb_cta-button-item twbb_cta-button-item__two twbb_cta-button-enable-yes\">\n          <a href=\"#\" class=\"elementor-button twbb_cta-button elementor-size- twbb_cta-button__two\"            >Buchen Sie jetzt eine Beratung            <\/a>\n        <\/div>\n                  <\/div>\n    <\/div>\n  <\/div>\n        <\/div>\n\t\t\t\t<\/div>\n\t\t\t\t<\/div>\n\t\t\t\t<\/div>\n\t\t\t\t\t<\/div>\n\t\t\t\t<\/div>\n\t\t\t\t<\/div>\n\t\t<div class=\"elementor-element elementor-element-qp17a1vt e-con-full twbb_section e-flex e-con e-parent\" data-id=\"qp17a1vt\" data-element_type=\"container\" id=\"contact-us\" data-settings=\"{&quot;background_background&quot;:&quot;classic&quot;,&quot;shape_divider_top&quot;:&quot;mountains&quot;}\">\n\t\t\t\t<div class=\"elementor-shape elementor-shape-top\" aria-hidden=\"true\" data-negative=\"false\">\n\t\t\t<svg xmlns=\"http:\/\/www.w3.org\/2000\/svg\" viewbox=\"0 0 1000 100\" preserveaspectratio=\"none\">\n\t<path class=\"elementor-shape-fill\" opacity=\"0.33\" d=\"M473,67.3c-203.9,88.3-263.1-34-320.3,0C66,119.1,0,59.7,0,59.7V0h1000v59.7 c0,0-62.1,26.1-94.9,29.3c-32.8,3.3-62.8-12.3-75.8-22.1C806,49.6,745.3,8.7,694.9,4.7S492.4,59,473,67.3z\"\/>\n\t<path class=\"elementor-shape-fill\" opacity=\"0.66\" d=\"M734,67.3c-45.5,0-77.2-23.2-129.1-39.1c-28.6-8.7-150.3-10.1-254,39.1 s-91.7-34.4-149.2,0C115.7,118.3,0,39.8,0,39.8V0h1000v36.5c0,0-28.2-18.5-92.1-18.5C810.2,18.1,775.7,67.3,734,67.3z\"\/>\n\t<path class=\"elementor-shape-fill\" d=\"M766.1,28.9c-200-57.5-266,65.5-395.1,19.5C242,1.8,242,5.4,184.8,20.6C128,35.8,132.3,44.9,89.9,52.5C28.6,63.7,0,0,0,0 h1000c0,0-9.9,40.9-83.6,48.1S829.6,47,766.1,28.9z\"\/>\n<\/svg>\t\t<\/div>\n\t\t<div class=\"elementor-element elementor-element-72h4ifi8 e-flex e-con-boxed e-con e-child\" data-id=\"72h4ifi8\" data-element_type=\"container\">\n\t\t\t\t\t<div class=\"e-con-inner\">\n\t\t\t\t<div class=\"elementor-element elementor-element-d1j880s4 elementor-widget__width-initial elementor-widget-mobile__width-inherit elementor-widget-tablet__width-initial elementor-view-default elementor-position-block-start elementor-mobile-position-block-start elementor-widget elementor-widget-icon-box\" data-id=\"d1j880s4\" data-element_type=\"widget\" data-widget_type=\"icon-box.default\">\n\t\t\t\t\t\t\t<div class=\"elementor-icon-box-wrapper\">\n\n\t\t\t\t\t\t<div class=\"elementor-icon-box-icon\">\n\t\t\t\t<span  class=\"elementor-icon\">\n\t\t\t\t<svg aria-hidden=\"true\" class=\"e-font-icon-svg e-fab-whatsapp\" viewbox=\"0 0 448 512\" xmlns=\"http:\/\/www.w3.org\/2000\/svg\"><path d=\"M380.9 97.1C339 55.1 283.2 32 223.9 32c-122.4 0-222 99.6-222 222 0 39.1 10.2 77.3 29.6 111L0 480l117.7-30.9c32.4 17.7 68.9 27 106.1 27h.1c122.3 0 224.1-99.6 224.1-222 0-59.3-25.2-115-67.1-157zm-157 341.6c-33.2 0-65.7-8.9-94-25.7l-6.7-4-69.8 18.3L72 359.2l-4.4-7c-18.5-29.4-28.2-63.3-28.2-98.2 0-101.7 82.8-184.5 184.6-184.5 49.3 0 95.6 19.2 130.4 54.1 34.8 34.9 56.2 81.2 56.1 130.5 0 101.8-84.9 184.6-186.6 184.6zm101.2-138.2c-5.5-2.8-32.8-16.2-37.9-18-5.1-1.9-8.8-2.8-12.5 2.8-3.7 5.6-14.3 18-17.6 21.8-3.2 3.7-6.5 4.2-12 1.4-32.6-16.3-54-29.1-75.5-66-5.7-9.8 5.7-9.1 16.3-30.3 1.8-3.7.9-6.9-.5-9.7-1.4-2.8-12.5-30.1-17.1-41.2-4.5-10.8-9.1-9.3-12.5-9.5-3.2-.2-6.9-.2-10.6-.2-3.7 0-9.7 1.4-14.8 6.9-5.1 5.6-19.4 19-19.4 46.3 0 27.3 19.9 53.7 22.6 57.4 2.8 3.7 39.1 59.7 94.8 83.8 35.2 15.2 49 16.5 66.6 13.9 10.7-1.6 32.8-13.4 37.4-26.4 4.6-13 4.6-24.1 3.2-26.4-1.3-2.5-5-3.9-10.5-6.6z\"><\/path><\/svg>\t\t\t\t<\/span>\n\t\t\t<\/div>\n\t\t\t\n\t\t\t\t\t\t<div class=\"elementor-icon-box-content\">\n\n\t\t\t\t\t\t\t\t\t<h4 class=\"elementor-icon-box-title\">\n\t\t\t\t\t\t<span  >\n\t\t\t\t\t\t\tKontaktieren Sie uns \u00fcber WhatsApp\t\t\t\t\t\t<\/span>\n\t\t\t\t\t<\/h4>\n\t\t\t\t\n\t\t\t\t\t\t\t\t\t<p class=\"elementor-icon-box-description\">\n\t\t\t\t\t\tHaben Sie Fragen oder sind Sie bereit, Ihr Projekt zu starten? Kontaktieren Sie Go.Trend noch heute \u00fcber WhatsApp, um spezialisierte digitale Marketingl\u00f6sungen zu erhalten, die genau auf Ihre Bed\u00fcrfnisse zugeschnitten sind. Unser Team ist hier, um Ihr Unternehmen mit innovativen Strategien und pers\u00f6nlicher Unterst\u00fctzung wachsen zu lassen.\t\t\t\t\t<\/p>\n\t\t\t\t\n\t\t\t<\/div>\n\t\t\t\n\t\t<\/div>\n\t\t\t\t\t\t<\/div>\n\t\t\t\t<div class=\"elementor-element elementor-element-6f1122a elementor-mobile-align-justify elementor-align-right elementor-widget-mobile__width-initial elementor-widget elementor-widget-button\" data-id=\"6f1122a\" data-element_type=\"widget\" data-widget_type=\"button.default\">\n\t\t\t\t\t\t\t\t\t\t<a class=\"elementor-button elementor-button-link elementor-size-sm\" href=\"https:\/\/wa.me\/message\/O6BUWSYGPHQYP1\">\n\t\t\t\t\t\t<span class=\"elementor-button-content-wrapper\">\n\t\t\t\t\t\t\t\t\t<span class=\"elementor-button-text\">Klick Hier<\/span>\n\t\t\t\t\t<\/span>\n\t\t\t\t\t<\/a>\n\t\t\t\t\t\t\t\t<\/div>\n\t\t\t\t<div class=\"elementor-element elementor-element-y15r21ft elementor-widget__width-initial elementor-widget-mobile__width-inherit elementor-widget-tablet__width-initial elementor-view-default elementor-position-block-start elementor-mobile-position-block-start elementor-widget elementor-widget-icon-box\" data-id=\"y15r21ft\" data-element_type=\"widget\" data-widget_type=\"icon-box.default\">\n\t\t\t\t\t\t\t<div class=\"elementor-icon-box-wrapper\">\n\n\t\t\t\t\t\t<div class=\"elementor-icon-box-icon\">\n\t\t\t\t<span  class=\"elementor-icon\">\n\t\t\t\t<svg aria-hidden=\"true\" class=\"e-font-icon-svg e-fas-phone-alt\" viewbox=\"0 0 512 512\" xmlns=\"http:\/\/www.w3.org\/2000\/svg\"><path d=\"M497.39 361.8l-112-48a24 24 0 0 0-28 6.9l-49.6 60.6A370.66 370.66 0 0 1 130.6 204.11l60.6-49.6a23.94 23.94 0 0 0 6.9-28l-48-112A24.16 24.16 0 0 0 122.6.61l-104 24A24 24 0 0 0 0 48c0 256.5 207.9 464 464 464a24 24 0 0 0 23.4-18.6l24-104a24.29 24.29 0 0 0-14.01-27.6z\"><\/path><\/svg>\t\t\t\t<\/span>\n\t\t\t<\/div>\n\t\t\t\n\t\t\t\t\t\t<div class=\"elementor-icon-box-content\">\n\n\t\t\t\t\t\t\t\t\t<h4 class=\"elementor-icon-box-title\">\n\t\t\t\t\t\t<span  >\n\t\t\t\t\t\t\tKontakt Uns\t\t\t\t\t\t<\/span>\n\t\t\t\t\t<\/h4>\n\t\t\t\t\n\t\t\t\t\t\t\t\t\t<p class=\"elementor-icon-box-description\">\n\t\t\t\t\t\tKontaktieren Sie uns telefonisch unter \u2026, um sofortige Hilfe zu erhalten oder die Details Ihres Projekts zu besprechen. \t\t\t\t\t<\/p>\n\t\t\t\t\n\t\t\t<\/div>\n\t\t\t\n\t\t<\/div>\n\t\t\t\t\t\t<\/div>\n\t\t\t\t<div class=\"elementor-element elementor-element-debf953 elementor-mobile-align-justify elementor-align-center elementor-widget-mobile__width-initial elementor-widget elementor-widget-button\" data-id=\"debf953\" data-element_type=\"widget\" data-widget_type=\"button.default\">\n\t\t\t\t\t\t\t\t\t\t<a class=\"elementor-button elementor-button-link elementor-size-sm\" href=\"tel:+4915783457397\">\n\t\t\t\t\t\t<span class=\"elementor-button-content-wrapper\">\n\t\t\t\t\t\t\t\t\t<span class=\"elementor-button-text\">Klick Hier<\/span>\n\t\t\t\t\t<\/span>\n\t\t\t\t\t<\/a>\n\t\t\t\t\t\t\t\t<\/div>\n\t\t\t\t\t<\/div>\n\t\t\t\t<\/div>\n\t\t\t\t<\/div>\n\t\t\t\t<\/div>","protected":false},"excerpt":{"rendered":"<p>\u0645\u0646 \u0646\u062d\u0646 \u0648\u0644\u0645\u0627\u0630\u0627 \u0646\u062d\u0646 \u0627\u0644\u062e\u064a\u0627\u0631 \u0627\u0644\u0627\u0641\u0636\u0644 !! Go.trend \u0647\u064a \u0648\u0643\u0627\u0644\u0629 \u062a\u0633\u0648\u064a\u0642 \u0631\u0642\u0645\u064a \u0631\u0627\u0626\u062f\u0629 \u0645\u0642\u0631\u0647\u0627 \u0641\u064a \u0623\u0644\u0645\u0627\u0646\u064a\u0627\u060c \u062a\u0645\u062a\u0644\u0643 \u062e\u0628\u0631\u0629 \u062a\u062a\u062c\u0627\u0648\u0632 9 \u0633\u0646\u0648\u0627\u062a \u0641\u064a \u0635\u0646\u0627\u0639\u0629 \u0627\u0644\u062a\u0633\u0648\u064a\u0642 \u0627\u0644\u0631\u0642\u0645\u064a. \u064a\u0636\u0645 \u0641\u0631\u064a\u0642\u0646\u0627 \u062e\u0628\u0631\u0627\u0621 \u062d\u0627\u0635\u0644\u064a\u0646 \u0639\u0644\u0649 \u0634\u0647\u0627\u062f\u0627\u062a \u0648\u0627\u0639\u062a\u0645\u0627\u062f\u0627\u062a \u0645\u0639\u062a\u0631\u0641 \u0628\u0647\u0627 \u0645\u0646 Google \u0648 Meta\u00a0\u0628\u0627\u0644\u0625\u0636\u0627\u0641\u0629 \u0625\u0644\u0649 \u0627\u0639\u062a\u0645\u0627\u062f\u0646\u0627 \u0645\u0646 BVDW \u0627\u0644\u0623\u0644\u0645\u0627\u0646\u064a\u0629 (Bundesverband Digitale Wirtschaft) \u0648\u0647\u0648 \u0645\u0627 \u064a\u0639\u0632\u0632 \u0645\u0635\u062f\u0627\u0642\u064a\u0629 \u0639\u0645\u0644\u0646\u0627 \u0648\u064a\u0636\u0639\u0646\u0627 \u0641\u064a \u0645\u0635\u0627\u0641 \u0627\u0644\u0648\u0643\u0627\u0644\u0627\u062a [&hellip;]<\/p>","protected":false},"author":2,"featured_media":0,"parent":0,"menu_order":0,"comment_status":"closed","ping_status":"closed","template":"","meta":{"two_page_speed":[],"footnotes":""},"class_list":["post-1142","page","type-page","status-publish","hentry"],"_links":{"self":[{"href":"https:\/\/go-trend-marketing.de\/de\/wp-json\/wp\/v2\/pages\/1142","targetHints":{"allow":["GET"]}}],"collection":[{"href":"https:\/\/go-trend-marketing.de\/de\/wp-json\/wp\/v2\/pages"}],"about":[{"href":"https:\/\/go-trend-marketing.de\/de\/wp-json\/wp\/v2\/types\/page"}],"author":[{"embeddable":true,"href":"https:\/\/go-trend-marketing.de\/de\/wp-json\/wp\/v2\/users\/2"}],"replies":[{"embeddable":true,"href":"https:\/\/go-trend-marketing.de\/de\/wp-json\/wp\/v2\/comments?post=1142"}],"version-history":[{"count":0,"href":"https:\/\/go-trend-marketing.de\/de\/wp-json\/wp\/v2\/pages\/1142\/revisions"}],"wp:attachment":[{"href":"https:\/\/go-trend-marketing.de\/de\/wp-json\/wp\/v2\/media?parent=1142"}],"curies":[{"name":"wp","href":"https:\/\/api.w.org\/{rel}","templated":true}]}}